{"id":494,"date":"2023-09-09T19:59:21","date_gmt":"2023-09-09T16:59:21","guid":{"rendered":"https:\/\/shop.visasconcept.com\/?page_id=494"},"modified":"2023-09-09T19:59:23","modified_gmt":"2023-09-09T16:59:23","slug":"hakkimizda","status":"publish","type":"page","link":"https:\/\/shop.visasconcept.com\/index.php\/hakkimizda\/","title":{"rendered":"Hakk\u0131m\u0131zda"},"content":{"rendered":"\n<h2 class=\"wp-block-heading\">Visas Concept Hakk\u0131nda<\/h2>\n\n\n\n<p><strong>Firma olarak 2001 y\u0131l\u0131nda ba\u015flad\u0131\u011f\u0131m\u0131z mobilya sekt\u00f6r\u00fcnde Visas Concept&nbsp;ad\u0131yla firmam\u0131z 2017 y\u0131l\u0131nda \u015firketle\u015ferek haz\u0131r mutfak dolaplar\u0131 ile ticari hayat\u0131na ba\u015flam\u0131\u015ft\u0131r.<\/strong><\/p>\n\n\n\n<h4 class=\"wp-block-heading\">Visas Concept, haz\u0131r \u00f6l\u00e7\u00fclerde haz\u0131r mutfak dolab\u0131 \u00fcretimini sekt\u00f6r\u00fcn geleneksel imalat y\u00f6ntemlerinin d\u0131\u015f\u0131na \u00e7\u0131karak Avrupa standartlar\u0131nda imalat yapmaktad\u0131r. S\u00fcrekli b\u00fcy\u00fcmeyi kendine hedef olarak belirleyen Visas Concept, zamanla \u00fcretim a\u011f\u0131n\u0131 geni\u015fleterek, \u00e7e\u015fitli \u00f6l\u00e7\u00fclerde haz\u0131r mutfak dolaplar\u0131 imalat\u0131yla birlikte sekt\u00f6r\u00fcn lider firmalar\u0131 aras\u0131na girmeyi ba\u015farm\u0131\u015ft\u0131r.<\/h4>\n\n\n\n<h4 class=\"wp-block-heading\">Firmam\u0131z;<\/h4>\n\n\n\n<h4 class=\"wp-block-heading\">120-240-260-280-300-320 \u00fcst uzunluklar\u0131 olmak \u00fczere 80, 60 ve 40\u2019l\u0131k mod\u00fcller geni\u015f yelpazede haz\u0131r mutfak dolaplar\u0131 imalat\u0131n\u0131 s\u00fcrd\u00fcrmektedir. Haz\u0131r \u00f6l\u00e7\u00fcl\u00fc haz\u0131r mutfak dolaplar\u0131n\u0131n yan\u0131nda \u00f6zel \u00fcretim mutfaklar ile t\u00fcm ya\u015fam alanlar\u0131n\u0131za \u00f6zel, \u015f\u0131k ve modern bir dokunu\u015f ile renklendirmektedir.<\/h4>\n\n\n\n<h4 class=\"wp-block-heading\">Visas Concept\u2019in imalathanesi \u00d6rnekk\u00f6y Sanayi Sitesinde 700 MT2 alanda \u00fcretimini devam ettirirken istihdam ile \u00fclke ekonomisine katk\u0131da bulunmaktad\u0131r. Visas Concept\u2019in ofisi ise \u0130zmir\u2019in nadide il\u00e7elerinden birisi olan Bayrakl\u0131 semtinde yer almaktad\u0131r.<\/h4>\n\n\n\n<h4 class=\"wp-block-heading\">Kaliteyi standart bir \u00f6l\u00e7\u00fc g\u00f6ren anlay\u0131\u015f\u0131yla, AR-GE \u00e7al\u0131\u015fmalar\u0131na b\u00fcy\u00fck \u00f6nem veren firmam\u0131z son teknolojiler takip edilerek s\u0131f\u0131r hata hedefiyle \u00fcretim yapmaktad\u0131r.<\/h4>\n","protected":false},"excerpt":{"rendered":"<p>Visas Concept Hakk\u0131nda Firma olarak 2001 y\u0131l\u0131nda ba\u015flad\u0131\u011f\u0131m\u0131z mobilya sekt\u00f6r\u00fcnde Visas Concept&nbsp;ad\u0131yla firmam\u0131z 2017 y\u0131l\u0131nda \u015firketle\u015ferek haz\u0131r mutfak dolaplar\u0131 ile ticari hayat\u0131na ba\u015flam\u0131\u015ft\u0131r. Visas Concept, haz\u0131r \u00f6l\u00e7\u00fclerde haz\u0131r mutfak dolab\u0131 [&hellip;]<\/p>\n","protected":false},"author":1,"featured_media":0,"parent":0,"menu_order":0,"comment_status":"closed","ping_status":"closed","template":"","meta":{"footnotes":""},"class_list":["post-494","page","type-page","status-publish","hentry"],"_links":{"self":[{"href":"https:\/\/shop.visasconcept.com\/index.php\/wp-json\/wp\/v2\/pages\/494","targetHints":{"allow":["GET"]}}],"collection":[{"href":"https:\/\/shop.visasconcept.com\/index.php\/wp-json\/wp\/v2\/pages"}],"about":[{"href":"https:\/\/shop.visasconcept.com\/index.php\/wp-json\/wp\/v2\/types\/page"}],"author":[{"embeddable":true,"href":"https:\/\/shop.visasconcept.com\/index.php\/wp-json\/wp\/v2\/users\/1"}],"replies":[{"embeddable":true,"href":"https:\/\/shop.visasconcept.com\/index.php\/wp-json\/wp\/v2\/comments?post=494"}],"version-history":[{"count":1,"href":"https:\/\/shop.visasconcept.com\/index.php\/wp-json\/wp\/v2\/pages\/494\/revisions"}],"predecessor-version":[{"id":495,"href":"https:\/\/shop.visasconcept.com\/index.php\/wp-json\/wp\/v2\/pages\/494\/revisions\/495"}],"wp:attachment":[{"href":"https:\/\/shop.visasconcept.com\/index.php\/wp-json\/wp\/v2\/media?parent=494"}],"curies":[{"name":"wp","href":"https:\/\/api.w.org\/{rel}","templated":true}]}}