{"id":501,"date":"2023-09-09T20:31:48","date_gmt":"2023-09-09T17:31:48","guid":{"rendered":"https:\/\/shop.visasconcept.com\/?post_type=product&#038;p=501"},"modified":"2023-09-09T20:32:03","modified_gmt":"2023-09-09T17:32:03","slug":"pinar-hazir-mutfak-dolabi","status":"publish","type":"product","link":"https:\/\/shop.visasconcept.com\/index.php\/urun\/pinar-hazir-mutfak-dolabi\/","title":{"rendered":"PINAR HAZIR MUTFAK DOLABI"},"content":{"rendered":"<p>&nbsp;<\/p>\n<p><strong>V\u0130SAS CONCEPT_PINAR HAZIR MUTFAK DOLABI_Aspirat\u00f6r Mod\u00fcll\u00fc_Beyaz ve Antrasit \u00c7am_200 cm<\/strong><\/p>\n<p>&nbsp;<\/p>\n<p>\u00dcR\u00dcN \u00d6ZELL\u0130KLER\u0130<\/p>\n<p>&nbsp;<\/p>\n<p>Ebatlar :<\/p>\n<p>\u00dcst Mod\u00fcller : Geni\u015flik (soldan sa\u011fa) : 60 + 60 + 80 = 200<\/p>\n<p>cm\u00a0\u00a0\u00a0Derinlik: 33 cm\u00a0\u00a0\u00a0Y\u00fckseklik: 60 cm<\/p>\n<p>Alt Mod\u00fcller : Geni\u015flik (soldan sa\u011fa)\u00a0: 60 + 80 = 140<\/p>\n<p>cm\u00a0\u00a0\u00a0\u00a0\u00a0Derinlik: 55<\/p>\n<p>cm\u00a0\u00a0\u00a0\u00a0\u00a0Y\u00fckseklik: 86 cm (91 cm e kadar<\/p>\n<p>y\u00fckseltilebilir)<\/p>\n<p>&nbsp;<\/p>\n<p>Malzeme :<\/p>\n<p>G\u00f6vde 18 mm Beyaz, melamin kapl\u0131 1. kalite yonga levha<\/p>\n<p>\u00dcst Kapaklar 18 mm Beyaz\u00a0melamin kapl\u0131 1. kalite yonga<\/p>\n<p>levha<\/p>\n<p>Alt Kapaklar 18 mm Antrasit melamin kapl\u0131 1. kalite yonga levha<\/p>\n<p><u>Kurulum s\u0131ras\u0131nda t\u00fcm mod\u00fcllerin yerleri de\u011fi\u015ftirilerek <\/u><u>kullan\u0131labilir<\/u><u>.<\/u><\/p>\n<p>Not: Renk kartelam\u0131zdaki &#8220;PARLAK&#8221; high gloss kapakl\u0131<\/p>\n<p>\u00fcr\u00fcnlerin fiyatlar\u0131 de\u011fi\u015fmektedir.<\/p>\n<p>&nbsp;<\/p>\n<p>&#8211;\u00a0G\u00f6rselde<\/p>\n<p>yer alan buzdolab\u0131, eviye (lavabo), tezgah, f\u0131r\u0131n, ocak, batarya, aspirat\u00f6r vb.\u00a0\u00fcr\u00fcne dahil de\u011fildir.<\/p>\n<p>&#8211; Siyah Krom Metal Kulplar,\u00a010<\/p>\n<p>cm Beyaz renkte\u00a0baza\u00a0\u00fcr\u00fcne\u00a0dahildir.<\/p>\n<p>&#8211;\u00a0Kurulumda<\/p>\n<p>gerekli olacak el aletleri d\u0131\u015f\u0131nda t\u00fcm\u00a0malzemeler\u00a0(h\u0131rdavatlar) kolilenmi\u015f vaziyette<\/p>\n<p>taraf\u0131n\u0131za eksiksiz ula\u015f\u0131r.<\/p>\n<p>&#8211;\u00a0\u00dcr\u00fcnlerimiz<\/p>\n<p>strafor ve karton k\u00f6\u015febent takviyeli\u00a0\u00e7ift oluklu mukavva kolilerde,<\/p>\n<p>demonte olarak,\u00a0\u00f6zenle paketlenmi\u015f \u015fekilde\u00a0kap\u0131n\u0131za kadar sevk<\/p>\n<p>edilmektedir.<\/p>\n<p>&#8211;\u00a0Mutfak<\/p>\n<p>dolaplar\u0131n\u0131z\u0131 profesyonel olarak haz\u0131rlanm\u0131\u015f, kolay anla\u015f\u0131l\u0131r, izahl\u0131 ve g\u00f6rsel\u00a0kurulum \u015femas\u0131\u00a0sayesinde rahatl\u0131kla<\/p>\n<p>kurabilirsiniz.<\/p>\n<p>&#8211;\u00a0T\u00fcm<\/p>\n<p>levha par\u00e7alar\u00a0numaraland\u0131r\u0131lm\u0131\u015f\u00a0olup<\/p>\n<p>kurulum \u015femas\u0131na uyumludur.<\/p>\n<p>&nbsp;<\/p>\n<p>&#8211;\u00a0Mutfak<\/p>\n<p>dolaplar\u0131n\u0131z\u0131n montaj\u0131\u00a0daha dayan\u0131kl\u0131\u00a0ve\u00a0stabil\u00a0olabilmesi i\u00e7in kurulumunda<\/p>\n<p>8mm kavela ve 5 cm vidalar kullan\u0131lmaktad\u0131r.<\/p>\n<p>&#8211;\u00a0\u00dcst<\/p>\n<p>mod\u00fcller ask\u0131 elemanlar\u0131 ve matkap yard\u0131m\u0131yla duvar\u0131n\u0131za as\u0131larak monte edilir.<\/p>\n<p>Ask\u0131 elemanlar\u0131 \u00fcr\u00fcne dahildir.<\/p>\n<p>&#8211;\u00a0Mod\u00fcllerin<\/p>\n<p>arkal\u0131klar\u0131 3 mm tek y\u00fczl\u00fc MDFdir.<\/p>\n<p>&nbsp;<\/p>\n<p>&#8211; \u00dcr\u00fcn kurulumu m\u00fc\u015fteriye aittir.<\/p>\n<p>&#8211;\u00a0Mutfa\u011f\u0131n\u0131z\u0131n<\/p>\n<p>ebatlar\u0131na uygun \u015fekilde \u00fcst &#8211; alt mod\u00fcller, kiler veya ankastre\u00a0mod\u00fcl\u00fc ilave edebilir\u00a0kendi tasar\u0131m\u0131n\u0131z\u0131<\/p>\n<p>olu\u015fturabilirsiniz.<\/p>\n<p>&nbsp;<\/p>\n<p>MUTFAK DOLAPLARINIZI KEND\u0130N\u0130Z<\/p>\n<p>TASARLAYIN VEYA OLU\u015eTURUN<\/p>\n<p>&#8211;\u00a0Dilerseniz<\/p>\n<p>bize ula\u015farak\u00a0tasar\u0131mc\u0131m\u0131zdan destek alabilir,<\/p>\n<p>mutfa\u011f\u0131n\u0131z\u0131n \u00f6l\u00e7\u00fclerine uygun mod\u00fclleri olu\u015fturabilirsiniz.<\/p>\n<p>&nbsp;<\/p>\n<p>Kargo ve Teslimat<\/p>\n<p>&#8211;\u00a0Kargonuzu<\/p>\n<p>teslim al\u0131rken l\u00fctfen paketleri kontrol ediniz.<\/p>\n<p>&#8211;\u00a0Hasarl\u0131<\/p>\n<p>kargo paketlerini l\u00fctfen teslim almay\u0131n\u0131z.<\/p>\n<p>&#8211;\u00a0\u00dcr\u00fcnde \u00fcretim s\u0131ras\u0131nda meydana gelmi\u015f hatal\u0131 veya hasarl\u0131 par\u00e7a ile kar\u015f\u0131la\u015fman\u0131z halinde (sizdeki par\u00e7ay\u0131 geri talep etmeksizin) yenisi ile de\u011fi\u015fimini sa\u011flayabiliriz. Par\u00e7an\u0131n numaras\u0131 ve foto\u011fraf\u0131n\u0131 destek birimimize iletmeniz yeterli olacakt\u0131r.<\/p>\n","protected":false},"excerpt":{"rendered":"<p>Aspirat\u00f6r Mod\u00fcll\u00fc_Beyaz ve Antrasit 200 cm<\/p>\n","protected":false},"featured_media":530,"comment_status":"closed","ping_status":"closed","template":"","meta":[],"product_cat":[40],"product_tag":[],"class_list":["post-501","product","type-product","status-publish","has-post-thumbnail","hentry","product_cat-mutfak"],"_links":{"self":[{"href":"https:\/\/shop.visasconcept.com\/index.php\/wp-json\/wp\/v2\/product\/501","targetHints":{"allow":["GET"]}}],"collection":[{"href":"https:\/\/shop.visasconcept.com\/index.php\/wp-json\/wp\/v2\/product"}],"about":[{"href":"https:\/\/shop.visasconcept.com\/index.php\/wp-json\/wp\/v2\/types\/product"}],"replies":[{"embeddable":true,"href":"https:\/\/shop.visasconcept.com\/index.php\/wp-json\/wp\/v2\/comments?post=501"}],"wp:featuredmedia":[{"embeddable":true,"href":"https:\/\/shop.visasconcept.com\/index.php\/wp-json\/wp\/v2\/media\/530"}],"wp:attachment":[{"href":"https:\/\/shop.visasconcept.com\/index.php\/wp-json\/wp\/v2\/media?parent=501"}],"wp:term":[{"taxonomy":"product_cat","embeddable":true,"href":"https:\/\/shop.visasconcept.com\/index.php\/wp-json\/wp\/v2\/product_cat?post=501"},{"taxonomy":"product_tag","embeddable":true,"href":"https:\/\/shop.visasconcept.com\/index.php\/wp-json\/wp\/v2\/product_tag?post=501"}],"curies":[{"name":"wp","href":"https:\/\/api.w.org\/{rel}","templated":true}]}}