{"id":513,"date":"2023-09-09T20:31:48","date_gmt":"2023-09-09T17:31:48","guid":{"rendered":"https:\/\/shop.visasconcept.com\/?post_type=product&#038;p=513"},"modified":"2023-09-09T20:34:43","modified_gmt":"2023-09-09T17:34:43","slug":"zambak-hazir-mutfak-dolabi","status":"publish","type":"product","link":"https:\/\/shop.visasconcept.com\/index.php\/urun\/zambak-hazir-mutfak-dolabi\/","title":{"rendered":"ZAMBAK HAZIR MUTFAK DOLABI"},"content":{"rendered":"<p><strong>V\u0130SAS CONCEPT_ZAMBAK HAZIR MUTFAK DOLABI_Parlak HIGH-GLOSS_Ankastre Mod\u00fcll\u00fc_Cam Kapakl\u0131_Beyaz_280 cm<\/strong><\/p>\n<p><strong>\u00a0<\/strong><\/p>\n<p><strong>\u00a0<\/strong><\/p>\n<p><strong>\u00dcR\u00dcN \u00d6ZELL\u0130KLER\u0130<\/strong><\/p>\n<p>&nbsp;<\/p>\n<p><strong>Ebatlar<\/strong> :<\/p>\n<p>\u00dcst Mod\u00fcller : Geni\u015flik (soldan sa\u011fa) : 60(davlumbaz bo\u015flu\u011fu) + 60 + 80 + 80 = 280 cm<\/p>\n<p>Derinlik: 33 cm\u00a0\u00a0\u00a0Y\u00fckseklik: 60 cm<\/p>\n<p>Alt Mod\u00fcller : Geni\u015flik (soldan sa\u011fa)\u00a0: 60 + 60 + 80 + 80 = 280 cm\u00a0\u00a0\u00a0\u00a0\u00a0Derinlik: 55 cm<\/p>\n<p>Y\u00fckseklik: 86 cm (91 cm e kadar y\u00fckseltilebilir)<\/p>\n<p>&nbsp;<\/p>\n<p><strong><u>Kurulum s\u0131ras\u0131nda t\u00fcm mod\u00fcllerin yerleri de\u011fi\u015ftirilerek <\/u><\/strong><u>kullan\u0131labilir<\/u><strong><u>.<\/u><\/strong><\/p>\n<p>&nbsp;<\/p>\n<p>Malzeme <strong>:<\/strong><\/p>\n<p>G\u00f6vde 18 mm Beyaz, melamin kapl\u0131 1. kalite yonga levha<\/p>\n<p>\u00dcst Kapaklar 18 mm Beyaz\u00a0melamin kapl\u0131 1. Kalite Parlak HIGH-GLOSS<\/p>\n<p>Alt Kapaklar 18 mm Beyaz melamin kapl\u0131 1. kalite Parlak HIGH-GLOSS<\/p>\n<p>&nbsp;<\/p>\n<p>Not: Renk kartelam\u0131zdaki &#8220;PARLAK&#8221; high gloss kapakl\u0131 \u00fcr\u00fcnlerin fiyatlar\u0131 de\u011fi\u015fmektedir.<\/p>\n<p>&nbsp;<\/p>\n<p><strong>&#8211;\u00a0<\/strong>G\u00f6rselde yer alan buzdolab\u0131, eviye (lavabo), tezgah, f\u0131r\u0131n, ocak, batarya, aspirat\u00f6r vb.\u00a0<strong>\u00fcr\u00fcne dahil de\u011fildir<\/strong>.<\/p>\n<p><strong>&#8211; Siyah Krom Metal Kulplar<\/strong>,\u00a010 cm Beyaz renkte\u00a0<strong>baza\u00a0<\/strong>\u00fcr\u00fcne\u00a0dahildir.<\/p>\n<p><strong>&#8211;\u00a0<\/strong>Kurulumda gerekli olacak el aletleri d\u0131\u015f\u0131nda t\u00fcm\u00a0<strong>malzemeler\u00a0<\/strong>(<strong>h\u0131rdavatlar<\/strong>) kolilenmi\u015f vaziyette taraf\u0131n\u0131za eksiksiz ula\u015f\u0131r.<\/p>\n<p><strong>&#8211;\u00a0<\/strong>\u00dcr\u00fcnlerimiz strafor ve karton k\u00f6\u015febent takviyeli\u00a0<strong>\u00e7ift oluklu mukavva kolilerde<\/strong>, demonte olarak,\u00a0\u00f6zenle paketlenmi\u015f \u015fekilde\u00a0kap\u0131n\u0131za kadar sevk edilmektedir.<\/p>\n<p><strong>&#8211;\u00a0<\/strong>Mutfak dolaplar\u0131n\u0131z\u0131 profesyonel olarak haz\u0131rlanm\u0131\u015f, kolay anla\u015f\u0131l\u0131r, izahl\u0131 ve g\u00f6rsel\u00a0<strong>kurulum \u015femas\u0131<\/strong>\u00a0sayesinde rahatl\u0131kla kurabilirsiniz.<\/p>\n<p><strong>&#8211;\u00a0<\/strong>T\u00fcm levha par\u00e7alar\u00a0<strong>numaraland\u0131r\u0131lm\u0131\u015f\u00a0<\/strong>olup kurulum \u015femas\u0131na uyumludur.<\/p>\n<p>&nbsp;<\/p>\n<p><strong>&#8211;\u00a0<\/strong>Mutfak dolaplar\u0131n\u0131z\u0131n montaj\u0131\u00a0<strong>daha dayan\u0131kl\u0131<\/strong>\u00a0ve\u00a0<strong>stabil\u00a0<\/strong>olabilmesi i\u00e7in kurulumunda 8mm kavela ve 5 cm vidalar kullan\u0131lmaktad\u0131r.<\/p>\n<p><strong>&#8211;\u00a0<\/strong>\u00dcst mod\u00fcller ask\u0131 elemanlar\u0131 ve matkap yard\u0131m\u0131yla duvar\u0131n\u0131za as\u0131larak monte edilir. Ask\u0131 elemanlar\u0131 \u00fcr\u00fcne dahildir.<\/p>\n<p><strong>&#8211;\u00a0<\/strong>Mod\u00fcllerin arkal\u0131klar\u0131 3 mm tek y\u00fczl\u00fc MDFdir.<\/p>\n<p>&nbsp;<\/p>\n<p>&#8211; \u00dcr\u00fcn kurulumu m\u00fc\u015fteriye aittir.<\/p>\n<p><strong>&#8211;\u00a0<\/strong>Mutfa\u011f\u0131n\u0131z\u0131n ebatlar\u0131na uygun \u015fekilde \u00fcst &#8211; alt mod\u00fcller, kiler veya ankastre\u00a0<strong>mod\u00fcl\u00fc ilave edebilir<\/strong>\u00a0kendi tasar\u0131m\u0131n\u0131z\u0131 olu\u015fturabilirsiniz.<\/p>\n<p>&nbsp;<\/p>\n<p><strong>MUTFAK DOLAPLARINIZI KEND\u0130N\u0130Z TASARLAYIN VEYA OLU\u015eTURUN<\/strong><\/p>\n<p><strong>&#8211;\u00a0<\/strong>Dilerseniz bize ula\u015farak\u00a0<strong>tasar\u0131mc\u0131m\u0131zdan destek alabilir<\/strong>, mutfa\u011f\u0131n\u0131z\u0131n \u00f6l\u00e7\u00fclerine uygun mod\u00fclleri olu\u015fturabilirsiniz.<\/p>\n<p>&nbsp;<\/p>\n<p><strong>Kargo ve Teslimat<\/strong><\/p>\n<p><strong>&#8211;\u00a0<\/strong>Kargonuzu teslim al\u0131rken l\u00fctfen paketleri kontrol ediniz.<\/p>\n<p><strong>&#8211;\u00a0<\/strong>Hasarl\u0131 kargo paketlerini l\u00fctfen teslim almay\u0131n\u0131z.<\/p>\n<p><strong>&#8211;\u00a0<\/strong>\u00dcr\u00fcnde \u00fcretim s\u0131ras\u0131nda meydana gelmi\u015f hatal\u0131 veya hasarl\u0131 par\u00e7a ile kar\u015f\u0131la\u015fman\u0131z halinde (sizdeki par\u00e7ay\u0131 geri talep etmeksizin) yenisi ile de\u011fi\u015fimini sa\u011flayabiliriz. Par\u00e7an\u0131n numaras\u0131 ve foto\u011fraf\u0131n\u0131 destek birimimize iletmeniz yeterli olacakt\u0131r.<\/p>\n","protected":false},"excerpt":{"rendered":"<p><strong>ZAMBAK HAZIR MUTFAK DOLABI_Parlak HIGH-GLOSS_Ankastre Mod\u00fcll\u00fc_Cam Kapakl\u0131_Beyaz_280 cm<\/strong><\/p>\n","protected":false},"featured_media":565,"comment_status":"closed","ping_status":"closed","template":"","meta":[],"product_cat":[40],"product_tag":[],"class_list":["post-513","product","type-product","status-publish","has-post-thumbnail","hentry","product_cat-mutfak"],"_links":{"self":[{"href":"https:\/\/shop.visasconcept.com\/index.php\/wp-json\/wp\/v2\/product\/513","targetHints":{"allow":["GET"]}}],"collection":[{"href":"https:\/\/shop.visasconcept.com\/index.php\/wp-json\/wp\/v2\/product"}],"about":[{"href":"https:\/\/shop.visasconcept.com\/index.php\/wp-json\/wp\/v2\/types\/product"}],"replies":[{"embeddable":true,"href":"https:\/\/shop.visasconcept.com\/index.php\/wp-json\/wp\/v2\/comments?post=513"}],"wp:featuredmedia":[{"embeddable":true,"href":"https:\/\/shop.visasconcept.com\/index.php\/wp-json\/wp\/v2\/media\/565"}],"wp:attachment":[{"href":"https:\/\/shop.visasconcept.com\/index.php\/wp-json\/wp\/v2\/media?parent=513"}],"wp:term":[{"taxonomy":"product_cat","embeddable":true,"href":"https:\/\/shop.visasconcept.com\/index.php\/wp-json\/wp\/v2\/product_cat?post=513"},{"taxonomy":"product_tag","embeddable":true,"href":"https:\/\/shop.visasconcept.com\/index.php\/wp-json\/wp\/v2\/product_tag?post=513"}],"curies":[{"name":"wp","href":"https:\/\/api.w.org\/{rel}","templated":true}]}}