{"id":527,"date":"2023-09-09T20:31:50","date_gmt":"2023-09-09T17:31:50","guid":{"rendered":"https:\/\/shop.visasconcept.com\/?post_type=product&#038;p=527"},"modified":"2023-09-09T20:37:18","modified_gmt":"2023-09-09T17:37:18","slug":"60-cm-2-rafli-cok-amacli-mutfak-ust-dolap-beyaz","status":"publish","type":"product","link":"https:\/\/shop.visasconcept.com\/index.php\/urun\/60-cm-2-rafli-cok-amacli-mutfak-ust-dolap-beyaz\/","title":{"rendered":"60 cm 2 RAFLI &#8211; \u00c7OK AMA\u00c7LI MUTFAK \u00dcST DOLAP BEYAZ"},"content":{"rendered":"<div id=\"satici-aciklamasi\" class=\"clearfix gg-w-24 gg-d-24 gg-t-24 gg-d-24 gg-m-24 padding-none-m\">\n<div id=\"product-content\" class=\"clearfix gg-w-24 gg-d-24 gg-t-24 gg-m-24 padding-none\">\n<div id=\"user-product-desc\" class=\"gg-w-24 gg-d-24 gg-t-24 gg-m-24 background-fff\">\n<div class=\"overflow-content\">\n<div id=\"productDescription\">\n<div id=\"sp-desktopDescription\" class=\"desktopDescription gg-w-24 gg-d-24 gg-t-24 gg-m-24\">\n<h4><strong>V\u0130SAS CONCEPT _\u00a0<\/strong>\u00a0<strong>60 cm 2 RAFLI &#8211; \u00c7OK AMA\u00c7LI MUTFAK \u00dcST DOLAP BEYAZ<\/strong><\/h4>\n<h4>.<\/h4>\n<h4><\/h4>\n<h4><strong>\u00dcR\u00dcN \u00d6ZELL\u0130KLER\u0130<\/strong><\/h4>\n<h4><\/h4>\n<h4><strong>Ebatlar\u00a0<\/strong>: _\/<\/h4>\n<h4><\/h4>\n<h4><\/h4>\n<h4>Geni\u015flik : 60 cm _<\/h4>\n<h4>Derinlik: 35 cm _<\/h4>\n<h4>Y\u00fckseklik: 60 cm _\/<\/h4>\n<h4><\/h4>\n<h4><\/h4>\n<h4>\/\/\/\u00a0\u00a0<strong>Malzeme\u00a0<\/strong>: 18 mm melamin kapl\u0131 1. kalite yonga levha _<\/h4>\n<h4><\/h4>\n<h4>\/\/\/ Kurulumda gerekli olacak el aletleri d\u0131\u015f\u0131nda t\u00fcm malzemeler (h\u0131rdavatlar) kolilenmi\u015f vaziyette taraf\u0131n\u0131za eksiksiz ula\u015f\u0131r. 10 cm ayaklar ve baza \u00fcr\u00fcne dahildir. __ \u00dcr\u00fcnlerimiz karton k\u00f6\u015febent takviyeli \u00e7ift oluklu mukavva kolilerde, demonte olarak, \u00f6zenle paketlenmi\u015f \u015fekilde kap\u0131n\u0131za kadar sevk edilmektedir. _ Mutfak mod\u00fcllerinizi profesyonel olarak haz\u0131rlanm\u0131\u015f, kolay anla\u015f\u0131l\u0131r, izahl\u0131 ve g\u00f6rsel kurulum \u015femas\u0131 sayesinde rahatl\u0131kla kurabilirsiniz. _ T\u00fcm levha par\u00e7alar numaraland\u0131r\u0131lm\u0131\u015f olup kurulum \u015femas\u0131na uyumludur. _ Mutfak mod\u00fcl\u00fcn\u00fcz\u00fcn montaj\u0131 daha dayan\u0131kl\u0131 ve stabil olabilmesi i\u00e7in kurulumunda 8mm kavela ve 5cm vidalar kullan\u0131lmaktad\u0131r. _ \u00dcr\u00fcn kurulumu m\u00fc\u015fteriye aittir. _\u00a0Dilerseniz bize ula\u015farak tasar\u0131m birimimizden destek alabilir, duvar\u0131n\u0131z\u0131n \u00f6l\u00e7\u00fclerine uygun mod\u00fclleri olu\u015fturabilirsiniz.<\/h4>\n<h4><\/h4>\n<h4>\/\/\/\u00a0\u00a0<strong>Kargo ve Teslimat<\/strong>\u00a0: \u00a0Kargonuzu teslim al\u0131rken l\u00fctfen paketleri kontrol ediniz. _ Hasarl\u0131 kargo paketlerini l\u00fctfen teslim almay\u0131n\u0131z. _ \u00dcr\u00fcnde \u00fcretim s\u0131ras\u0131nda meydana gelmi\u015f hatal\u0131 veya hasarl\u0131 par\u00e7a ile kar\u015f\u0131la\u015fman\u0131z halinde yenisi ile de\u011fi\u015fimini sa\u011flayabiliriz. _ Par\u00e7an\u0131n numaras\u0131 ve foto\u011fraf\u0131n\u0131 destek birimimize iletmeniz yeterli olacakt\u0131r.<\/h4>\n<\/div>\n<\/div>\n<\/div>\n<\/div>\n<\/div>\n<\/div>\n","protected":false},"excerpt":{"rendered":"<p>V\u0130SAS CONCEPT _\u00a0\u00a060 cm 2 RAFLI &#8211; \u00c7OK AMA\u00c7LI MUTFAK \u00dcST DOLAP BEYAZ . \u00dcR\u00dcN \u00d6ZELL\u0130KLER\u0130 Ebatlar\u00a0: _\/ Geni\u015flik : 60 cm _ Derinlik: 35 cm _ Y\u00fckseklik: 60 cm [&hellip;]<\/p>\n","protected":false},"featured_media":0,"comment_status":"closed","ping_status":"closed","template":"","meta":[],"product_cat":[40],"product_tag":[],"class_list":["post-527","product","type-product","status-publish","hentry","product_cat-mutfak"],"_links":{"self":[{"href":"https:\/\/shop.visasconcept.com\/index.php\/wp-json\/wp\/v2\/product\/527","targetHints":{"allow":["GET"]}}],"collection":[{"href":"https:\/\/shop.visasconcept.com\/index.php\/wp-json\/wp\/v2\/product"}],"about":[{"href":"https:\/\/shop.visasconcept.com\/index.php\/wp-json\/wp\/v2\/types\/product"}],"replies":[{"embeddable":true,"href":"https:\/\/shop.visasconcept.com\/index.php\/wp-json\/wp\/v2\/comments?post=527"}],"wp:attachment":[{"href":"https:\/\/shop.visasconcept.com\/index.php\/wp-json\/wp\/v2\/media?parent=527"}],"wp:term":[{"taxonomy":"product_cat","embeddable":true,"href":"https:\/\/shop.visasconcept.com\/index.php\/wp-json\/wp\/v2\/product_cat?post=527"},{"taxonomy":"product_tag","embeddable":true,"href":"https:\/\/shop.visasconcept.com\/index.php\/wp-json\/wp\/v2\/product_tag?post=527"}],"curies":[{"name":"wp","href":"https:\/\/api.w.org\/{rel}","templated":true}]}}