{"id":622,"date":"2023-09-09T20:37:42","date_gmt":"2023-09-09T17:37:42","guid":{"rendered":"https:\/\/shop.visasconcept.com\/?post_type=product&#038;p=622"},"modified":"2023-09-09T20:39:54","modified_gmt":"2023-09-09T17:39:54","slug":"240-cm-nazar-hazir-mutfak-dolabi-aspirator-modullu-parlak-beyaz-ve-murdum","status":"publish","type":"product","link":"https:\/\/shop.visasconcept.com\/index.php\/urun\/240-cm-nazar-hazir-mutfak-dolabi-aspirator-modullu-parlak-beyaz-ve-murdum\/","title":{"rendered":"240 cm NAZAR HAZIR MUTFAK DOLABI ASP\u0130RAT\u00d6R MOD\u00dcLL\u00dc PARLAK BEYAZ ve M\u00dcRD\u00dcM"},"content":{"rendered":"<p><strong>V\u0130SAS CONCEPT _\u00a0240 cm NAZAR HAZIR MUTFAK DOLABI ASP\u0130RAT\u00d6R MOD\u00dcLL\u00dc PARLAK BEYAZ ve M\u00dcRD\u00dcM<\/strong><\/p>\n<p>&nbsp;<\/p>\n<p>&nbsp;<\/p>\n<p><strong><em>T\u00dcM \u00dcR\u00dcNLER\u0130M\u0130ZDE BULA\u015eIK MAK\u0130NEN\u0130Z\u0130 KONUMLANDIRAB\u0130L\u0130RS\u0130N\u0130Z.\u00a0<\/em><\/strong><\/p>\n<p>&nbsp;<\/p>\n<p><strong>\u00dcR\u00dcN \u00d6ZELL\u0130KLER\u0130<\/strong><\/p>\n<p><strong>Ebatlar\u00a0<\/strong>:<\/p>\n<p><strong>\u00dcst Mod\u00fcller :<\/strong><br \/>\nGeni\u015flik (soldan sa\u011fa) : 60 + 60 + 60 + 60 = 240 cm<br \/>\nDerinlik: 33 cm<br \/>\nY\u00fckseklik: 60 cm<\/p>\n<p><strong>Alt Mod\u00fcller :<\/strong><br \/>\nGeni\u015flik (soldan sa\u011fa) : F\u0131r\u0131n Bo\u015flu\u011fu + 60 + Makina Bo\u015flu\u011fu + 60 = 240 cm<\/p>\n<p>(Yaln\u0131zca mod\u00fcl geni\u015flikleri : 60 + 60 = 120 cm )<\/p>\n<p>Derinlik: 55 cm<\/p>\n<p>Y\u00fckseklik: 86 cm (91 cm e kadar y\u00fckseltilebilir)<\/p>\n<p><strong>Malzeme\u00a0<\/strong>: G\u00f6vde 18 mm melamin kapl\u0131 1. kalite yonga levha. Kapaklar 18 mm parlak HIGH-GLOSS MDF dir.<\/p>\n<ul>\n<li>Kurulum s\u0131ras\u0131nda t\u00fcm mod\u00fcllerin yerleri de\u011fi\u015ftirilerek kullan\u0131labilir. G\u00f6rselde yer alan tezgah, buzdolab\u0131, eviye (lavabo), f\u0131r\u0131n, ocak, bula\u015f\u0131k makinesi, batarya, aspirat\u00f6r vb. \u00fcr\u00fcne dahil de\u011fildir. Kurulumda gerekli olacak el aletleri d\u0131\u015f\u0131nda t\u00fcm malzemeler (h\u0131rdavatlar) kolilenmi\u015f vaziyette taraf\u0131n\u0131za eksiksiz ula\u015f\u0131r. Siyah veya Krom Metal Kulplar, 10 cm beyaz renkte baza \u00fcr\u00fcne dahildir.\u00a0 \u00dcr\u00fcnlerimiz karton k\u00f6\u015febent takviyeli \u00e7ift oluklu mukavva kolilerde, demonte olarak, \u00f6zenle paketlenmi\u015f \u015fekilde kap\u0131n\u0131za kadar sevk edilmektedir. Mutfak dolaplar\u0131n\u0131z\u0131 profesyonel olarak haz\u0131rlanm\u0131\u015f, kolay anla\u015f\u0131l\u0131r, izahl\u0131 ve g\u00f6rsel kurulum \u015femas\u0131 sayesinde rahatl\u0131kla kurabilirsiniz.\u00a0 T\u00fcm levha par\u00e7alar numaraland\u0131r\u0131lm\u0131\u015f olup kurulum \u015femas\u0131na uyumludur. Mutfak dolaplar\u0131n\u0131z\u0131n montaj\u0131 daha dayan\u0131kl\u0131 ve stabil olabilmesi i\u00e7in kurulumunda 8mm kavela ve 5 cm vidalar kullan\u0131lmaktad\u0131r. \u00dcr\u00fcn kurulumu m\u00fc\u015fteriye aittir. Mutfa\u011f\u0131n\u0131z\u0131n ebatlar\u0131na uygun \u015fekilde \u00fcst &#8211; alt mod\u00fcller, kiler veya ankastre mod\u00fcl\u00fc ilave edebilir kendi tasar\u0131m\u0131n\u0131z\u0131 olu\u015fturabilirsiniz.<\/li>\n<\/ul>\n<p>&nbsp;<\/p>\n<ul>\n<li>MUTFAK DOLAPLARINIZI KEND\u0130N\u0130Z TASARLAYIN VEYA OLU\u015eTURUN &#8211; Dilerseniz bize ula\u015farak tasar\u0131m birimimizden destek alabilir, mutfa\u011f\u0131n\u0131z\u0131n \u00f6l\u00e7\u00fclerine uygun mod\u00fclleri olu\u015fturabilirsiniz.<\/li>\n<\/ul>\n<p><strong>Kargo ve Teslimat<\/strong> : \u00a0Kargonuzu teslim al\u0131rken l\u00fctfen paketleri kontrol ediniz. Hasarl\u0131 kargo paketlerini l\u00fctfen teslim almay\u0131n\u0131z. \u00dcr\u00fcnde \u00fcretim s\u0131ras\u0131nda meydana gelmi\u015f hatal\u0131 veya hasarl\u0131 par\u00e7a ile kar\u015f\u0131la\u015fman\u0131z halinde yenisi ile de\u011fi\u015fimini sa\u011flayabiliriz. Par\u00e7an\u0131n numaras\u0131 ve foto\u011fraf\u0131n\u0131 destek birimimize iletmeniz yeterli olacakt\u0131r.<\/p>\n","protected":false},"excerpt":{"rendered":"<p>V\u0130SAS CONCEPT _\u00a0240 cm NAZAR HAZIR MUTFAK DOLABI ASP\u0130RAT\u00d6R MOD\u00dcLL\u00dc PARLAK BEYAZ ve M\u00dcRD\u00dcM &nbsp; &nbsp; T\u00dcM \u00dcR\u00dcNLER\u0130M\u0130ZDE BULA\u015eIK MAK\u0130NEN\u0130Z\u0130 KONUMLANDIRAB\u0130L\u0130RS\u0130N\u0130Z.\u00a0 &nbsp; \u00dcR\u00dcN \u00d6ZELL\u0130KLER\u0130 Ebatlar\u00a0: \u00dcst Mod\u00fcller : Geni\u015flik (soldan [&hellip;]<\/p>\n","protected":false},"featured_media":676,"comment_status":"closed","ping_status":"closed","template":"","meta":[],"product_cat":[40],"product_tag":[],"class_list":["post-622","product","type-product","status-publish","has-post-thumbnail","hentry","product_cat-mutfak"],"_links":{"self":[{"href":"https:\/\/shop.visasconcept.com\/index.php\/wp-json\/wp\/v2\/product\/622","targetHints":{"allow":["GET"]}}],"collection":[{"href":"https:\/\/shop.visasconcept.com\/index.php\/wp-json\/wp\/v2\/product"}],"about":[{"href":"https:\/\/shop.visasconcept.com\/index.php\/wp-json\/wp\/v2\/types\/product"}],"replies":[{"embeddable":true,"href":"https:\/\/shop.visasconcept.com\/index.php\/wp-json\/wp\/v2\/comments?post=622"}],"wp:featuredmedia":[{"embeddable":true,"href":"https:\/\/shop.visasconcept.com\/index.php\/wp-json\/wp\/v2\/media\/676"}],"wp:attachment":[{"href":"https:\/\/shop.visasconcept.com\/index.php\/wp-json\/wp\/v2\/media?parent=622"}],"wp:term":[{"taxonomy":"product_cat","embeddable":true,"href":"https:\/\/shop.visasconcept.com\/index.php\/wp-json\/wp\/v2\/product_cat?post=622"},{"taxonomy":"product_tag","embeddable":true,"href":"https:\/\/shop.visasconcept.com\/index.php\/wp-json\/wp\/v2\/product_tag?post=622"}],"curies":[{"name":"wp","href":"https:\/\/api.w.org\/{rel}","templated":true}]}}