{"id":864,"date":"2023-09-09T20:46:57","date_gmt":"2023-09-09T17:46:57","guid":{"rendered":"https:\/\/shop.visasconcept.com\/?post_type=product&#038;p=864"},"modified":"2023-09-09T20:48:52","modified_gmt":"2023-09-09T17:48:52","slug":"240-cm-nurdan-hazir-mutfak-dolabi-aspirator-modullu-parlak-murdum-2","status":"publish","type":"product","link":"https:\/\/shop.visasconcept.com\/index.php\/urun\/240-cm-nurdan-hazir-mutfak-dolabi-aspirator-modullu-parlak-murdum-2\/","title":{"rendered":"240 cm NURDAN HAZIR MUTFAK DOLABI ASP\u0130RAT\u00d6R MOD\u00dcLL\u00dc PARLAK M\u00dcRD\u00dcM"},"content":{"rendered":"","protected":false},"excerpt":{"rendered":"","protected":false},"featured_media":675,"comment_status":"closed","ping_status":"closed","template":"","meta":[],"product_cat":[40],"product_tag":[],"class_list":["post-864","product","type-product","status-publish","has-post-thumbnail","hentry","product_cat-mutfak"],"_links":{"self":[{"href":"https:\/\/shop.visasconcept.com\/index.php\/wp-json\/wp\/v2\/product\/864","targetHints":{"allow":["GET"]}}],"collection":[{"href":"https:\/\/shop.visasconcept.com\/index.php\/wp-json\/wp\/v2\/product"}],"about":[{"href":"https:\/\/shop.visasconcept.com\/index.php\/wp-json\/wp\/v2\/types\/product"}],"replies":[{"embeddable":true,"href":"https:\/\/shop.visasconcept.com\/index.php\/wp-json\/wp\/v2\/comments?post=864"}],"wp:featuredmedia":[{"embeddable":true,"href":"https:\/\/shop.visasconcept.com\/index.php\/wp-json\/wp\/v2\/media\/675"}],"wp:attachment":[{"href":"https:\/\/shop.visasconcept.com\/index.php\/wp-json\/wp\/v2\/media?parent=864"}],"wp:term":[{"taxonomy":"product_cat","embeddable":true,"href":"https:\/\/shop.visasconcept.com\/index.php\/wp-json\/wp\/v2\/product_cat?post=864"},{"taxonomy":"product_tag","embeddable":true,"href":"https:\/\/shop.visasconcept.com\/index.php\/wp-json\/wp\/v2\/product_tag?post=864"}],"curies":[{"name":"wp","href":"https:\/\/api.w.org\/{rel}","templated":true}]}}