{"id":870,"date":"2023-09-09T20:47:20","date_gmt":"2023-09-09T17:47:20","guid":{"rendered":"https:\/\/shop.visasconcept.com\/?post_type=product&#038;p=870"},"modified":"2023-09-09T20:48:57","modified_gmt":"2023-09-09T17:48:57","slug":"emrullah-cavic-ozel-siparis","status":"publish","type":"product","link":"https:\/\/shop.visasconcept.com\/index.php\/urun\/emrullah-cavic-ozel-siparis\/","title":{"rendered":"EMRULLAH CAV\u0130C \u00d6ZEL S\u0130PAR\u0130\u015e"},"content":{"rendered":"<p>RES\u0130MDE G\u00d6R\u00dcLEN AYNUR MUTFAK<\/p>\n<p>RES\u0130MDE G\u00d6R\u00dcLEN \u00c7\u0130Z\u0130ME G\u00d6RE UYARLANIP G\u00d6NDER\u0130LECEKT\u0130R<\/p>\n<p>( TEZGAH DAH\u0130LD\u0130R )<\/p>\n","protected":false},"excerpt":{"rendered":"<p><img loading=\"lazy\" decoding=\"async\" class=\"alignnone size-medium wp-image-8282\" src=\"https:\/\/visasconcept.com\/wp-content\/uploads\/2022\/09\/11-12-AYNUR-300x169.jpg\" alt=\"\" width=\"300\" height=\"169\" \/><img loading=\"lazy\" decoding=\"async\" class=\"alignnone size-medium wp-image-8633\" src=\"https:\/\/visasconcept.com\/wp-content\/uploads\/2023\/04\/b6789558-8c40-4434-ac0a-8f0a6da0a587-169x300.jpg\" alt=\"\" width=\"169\" height=\"300\" \/><\/p>\n","protected":false},"featured_media":903,"comment_status":"closed","ping_status":"closed","template":"","meta":[],"product_cat":[40],"product_tag":[],"class_list":["post-870","product","type-product","status-publish","has-post-thumbnail","hentry","product_cat-mutfak"],"_links":{"self":[{"href":"https:\/\/shop.visasconcept.com\/index.php\/wp-json\/wp\/v2\/product\/870","targetHints":{"allow":["GET"]}}],"collection":[{"href":"https:\/\/shop.visasconcept.com\/index.php\/wp-json\/wp\/v2\/product"}],"about":[{"href":"https:\/\/shop.visasconcept.com\/index.php\/wp-json\/wp\/v2\/types\/product"}],"replies":[{"embeddable":true,"href":"https:\/\/shop.visasconcept.com\/index.php\/wp-json\/wp\/v2\/comments?post=870"}],"wp:featuredmedia":[{"embeddable":true,"href":"https:\/\/shop.visasconcept.com\/index.php\/wp-json\/wp\/v2\/media\/903"}],"wp:attachment":[{"href":"https:\/\/shop.visasconcept.com\/index.php\/wp-json\/wp\/v2\/media?parent=870"}],"wp:term":[{"taxonomy":"product_cat","embeddable":true,"href":"https:\/\/shop.visasconcept.com\/index.php\/wp-json\/wp\/v2\/product_cat?post=870"},{"taxonomy":"product_tag","embeddable":true,"href":"https:\/\/shop.visasconcept.com\/index.php\/wp-json\/wp\/v2\/product_tag?post=870"}],"curies":[{"name":"wp","href":"https:\/\/api.w.org\/{rel}","templated":true}]}}