{"id":874,"date":"2023-09-09T20:47:21","date_gmt":"2023-09-09T17:47:21","guid":{"rendered":"https:\/\/shop.visasconcept.com\/?post_type=product&#038;p=874"},"modified":"2023-09-09T20:49:57","modified_gmt":"2023-09-09T17:49:57","slug":"mimoza-80lik-hazir-banyo-dolabi-oval-lavabolu-aynali-ve-boy-dolabi","status":"publish","type":"product","link":"https:\/\/shop.visasconcept.com\/index.php\/urun\/mimoza-80lik-hazir-banyo-dolabi-oval-lavabolu-aynali-ve-boy-dolabi\/","title":{"rendered":"M\u0130MOZA 80&#8217;L\u0130K HAZIR BANYO DOLABI OVAL LAVABOLU, AYNALI VE BOY DOLABI"},"content":{"rendered":"<h1><strong>TAR\u00c7IN HAZIR BANYO DOLABI: OVAL LAVABOLU, AYNALI VE BOY DOLAPLI<\/strong><\/h1>\n<h3><strong>\u00dcr\u00fcn\u00fcm\u00fcze neler dahil?<\/strong><\/h3>\n<ul>\n<li>\n<h5>\u00dcr\u00fcn\u00fcm\u00fcze ayna, dik dolap, lavabo, kulplar dahildir.<\/h5>\n<\/li>\n<\/ul>\n<h3><strong>\u00dcr\u00fcn\u00fcm\u00fcze neler dahil de\u011fildir?<\/strong><\/h3>\n<ul>\n<li>\n<h5>\u00dcr\u00fcn\u00fcm\u00fcze batarya, klozet dahil de\u011fildir.<\/h5>\n<\/li>\n<\/ul>\n<h3><strong>\u00dcr\u00fcnler Monte mi Demonte mi?<\/strong><\/h3>\n<ul>\n<li>\n<h5>\u00dcr\u00fcnlerimiz kurulu bir \u015fekilde m\u00fc\u015fterilerimize g\u00f6nderilmektedir. M\u00fc\u015fterimiz \u00fcr\u00fcn\u00fc kutudan \u00e7\u0131kard\u0131\u011f\u0131 gibi duvara monte edilebilmektedir.<\/h5>\n<\/li>\n<\/ul>\n<h4><strong>KARGO S\u00dcREC\u0130 &amp; TESL\u0130MAT S\u00dcRES\u0130<\/strong><\/h4>\n<ul>\n<li>\n<h5>Visas Concept, MNG Kargo ile \u00e7al\u0131\u015fmaktad\u0131r. Marmara, Ege ve Akdeniz b\u00f6lgesine 1 i\u015f g\u00fcn\u00fc i\u00e7erisinde, \u0130\u00e7 anadolu, Karadeniz, Trakya b\u00f6lgesine 3\u00a0i\u015f g\u00fcn\u00fc i\u00e7erisinde ve Do\u011fu b\u00f6lgesine ise 3 i\u015f g\u00fcn\u00fc i\u00e7erisinde kargo teslimi yap\u0131lmaktad\u0131r.<\/h5>\n<\/li>\n<li>\n<h5>\u00dcr\u00fcnlerimiz sipari\u015f olu\u015fturulduktan sonra en ge\u00e7 2 i\u015f g\u00fcn\u00fc i\u00e7erisinde kargoya verilmektedir.<\/h5>\n<\/li>\n<\/ul>\n<h4><strong>\u00dcR\u00dcNLERDE K\u0130\u015e\u0130SELLE\u015eT\u0130RME<\/strong><\/h4>\n<ul>\n<li>\n<h5>Sipari\u015f verilmeden \u00f6nce ilave mod\u00fcl ekleyebilirler.<\/h5>\n<\/li>\n<\/ul>\n<h4><strong>\u00d6L\u00c7\u00dcLER<\/strong><\/h4>\n<ul>\n<li>\n<h5>80&#8217;lik boy dolab\u0131n\u0131n Boy: 140 CM, Geni\u015flik: 35 CM, Derinlik: 30 CM<\/h5>\n<\/li>\n<li>\n<h5>\u00dcst Mod\u00fcl: Boy: 60 CM, Geni\u015flik: 75 CM<\/h5>\n<\/li>\n<li>\n<h5>Alt Mod\u00fcl: Boy: 53+(5 CM Lavabo) Geni\u015flik: 78 CM, Lavabo ile Kapak aras\u0131: 15 CM<\/h5>\n<\/li>\n<\/ul>\n<p>&nbsp;<\/p>\n","protected":false},"excerpt":{"rendered":"<p>TAR\u00c7IN HAZIR BANYO DOLABI: OVAL LAVABOLU, AYNALI VE BOY DOLAPLI \u00dcr\u00fcn\u00fcm\u00fcze neler dahil? \u00dcr\u00fcn\u00fcm\u00fcze ayna, dik dolap, lavabo, kulplar dahildir. \u00dcr\u00fcn\u00fcm\u00fcze neler dahil de\u011fildir? \u00dcr\u00fcn\u00fcm\u00fcze batarya, klozet dahil de\u011fildir. \u00dcr\u00fcnler [&hellip;]<\/p>\n","protected":false},"featured_media":910,"comment_status":"closed","ping_status":"closed","template":"","meta":[],"product_cat":[42],"product_tag":[],"class_list":["post-874","product","type-product","status-publish","has-post-thumbnail","hentry","product_cat-banyo-dolaplari"],"_links":{"self":[{"href":"https:\/\/shop.visasconcept.com\/index.php\/wp-json\/wp\/v2\/product\/874","targetHints":{"allow":["GET"]}}],"collection":[{"href":"https:\/\/shop.visasconcept.com\/index.php\/wp-json\/wp\/v2\/product"}],"about":[{"href":"https:\/\/shop.visasconcept.com\/index.php\/wp-json\/wp\/v2\/types\/product"}],"replies":[{"embeddable":true,"href":"https:\/\/shop.visasconcept.com\/index.php\/wp-json\/wp\/v2\/comments?post=874"}],"wp:featuredmedia":[{"embeddable":true,"href":"https:\/\/shop.visasconcept.com\/index.php\/wp-json\/wp\/v2\/media\/910"}],"wp:attachment":[{"href":"https:\/\/shop.visasconcept.com\/index.php\/wp-json\/wp\/v2\/media?parent=874"}],"wp:term":[{"taxonomy":"product_cat","embeddable":true,"href":"https:\/\/shop.visasconcept.com\/index.php\/wp-json\/wp\/v2\/product_cat?post=874"},{"taxonomy":"product_tag","embeddable":true,"href":"https:\/\/shop.visasconcept.com\/index.php\/wp-json\/wp\/v2\/product_tag?post=874"}],"curies":[{"name":"wp","href":"https:\/\/api.w.org\/{rel}","templated":true}]}}