{"id":889,"date":"2023-09-09T20:48:10","date_gmt":"2023-09-09T17:48:10","guid":{"rendered":"https:\/\/shop.visasconcept.com\/?post_type=product&#038;p=889"},"modified":"2023-09-09T20:50:59","modified_gmt":"2023-09-09T17:50:59","slug":"a-can-akman-ozel-uretim-mutfak-takimi","status":"publish","type":"product","link":"https:\/\/shop.visasconcept.com\/index.php\/urun\/a-can-akman-ozel-uretim-mutfak-takimi\/","title":{"rendered":"A.Can Akman \u00d6zel \u00dcretim Mutfak Tak\u0131m\u0131"},"content":{"rendered":"","protected":false},"excerpt":{"rendered":"","protected":false},"featured_media":922,"comment_status":"closed","ping_status":"closed","template":"","meta":[],"product_cat":[40],"product_tag":[],"class_list":["post-889","product","type-product","status-publish","has-post-thumbnail","hentry","product_cat-mutfak"],"_links":{"self":[{"href":"https:\/\/shop.visasconcept.com\/index.php\/wp-json\/wp\/v2\/product\/889","targetHints":{"allow":["GET"]}}],"collection":[{"href":"https:\/\/shop.visasconcept.com\/index.php\/wp-json\/wp\/v2\/product"}],"about":[{"href":"https:\/\/shop.visasconcept.com\/index.php\/wp-json\/wp\/v2\/types\/product"}],"replies":[{"embeddable":true,"href":"https:\/\/shop.visasconcept.com\/index.php\/wp-json\/wp\/v2\/comments?post=889"}],"wp:featuredmedia":[{"embeddable":true,"href":"https:\/\/shop.visasconcept.com\/index.php\/wp-json\/wp\/v2\/media\/922"}],"wp:attachment":[{"href":"https:\/\/shop.visasconcept.com\/index.php\/wp-json\/wp\/v2\/media?parent=889"}],"wp:term":[{"taxonomy":"product_cat","embeddable":true,"href":"https:\/\/shop.visasconcept.com\/index.php\/wp-json\/wp\/v2\/product_cat?post=889"},{"taxonomy":"product_tag","embeddable":true,"href":"https:\/\/shop.visasconcept.com\/index.php\/wp-json\/wp\/v2\/product_tag?post=889"}],"curies":[{"name":"wp","href":"https:\/\/api.w.org\/{rel}","templated":true}]}}