{"id":890,"date":"2023-09-09T20:48:10","date_gmt":"2023-09-09T17:48:10","guid":{"rendered":"https:\/\/shop.visasconcept.com\/?post_type=product&#038;p=890"},"modified":"2023-09-09T20:50:59","modified_gmt":"2023-09-09T17:50:59","slug":"ozel-siparis-svs-insaat","status":"publish","type":"product","link":"https:\/\/shop.visasconcept.com\/index.php\/urun\/ozel-siparis-svs-insaat\/","title":{"rendered":"\u00d6ZEL S\u0130PAR\u0130\u015e &#8211; SVS \u0130N\u015eAAT"},"content":{"rendered":"","protected":false},"excerpt":{"rendered":"<p>1-260cm Haz\u0131r Mutfak Dolab\u0131<\/p>\n<p>2-180cm Haz\u0131r Mutfak Dolab\u0131<\/p>\n<p>3- 2 adet bo\u015f 60&#8217;lik mod\u00fcl<\/p>\n<p>4-260cm Laminat Tezgah<\/p>\n<p>5-180m Laminat Tezgah<\/p>\n","protected":false},"featured_media":629,"comment_status":"closed","ping_status":"closed","template":"","meta":[],"product_cat":[43],"product_tag":[],"class_list":["post-890","product","type-product","status-publish","has-post-thumbnail","hentry","product_cat-ozel-uretim-mutfak-dolaplari"],"_links":{"self":[{"href":"https:\/\/shop.visasconcept.com\/index.php\/wp-json\/wp\/v2\/product\/890","targetHints":{"allow":["GET"]}}],"collection":[{"href":"https:\/\/shop.visasconcept.com\/index.php\/wp-json\/wp\/v2\/product"}],"about":[{"href":"https:\/\/shop.visasconcept.com\/index.php\/wp-json\/wp\/v2\/types\/product"}],"replies":[{"embeddable":true,"href":"https:\/\/shop.visasconcept.com\/index.php\/wp-json\/wp\/v2\/comments?post=890"}],"wp:featuredmedia":[{"embeddable":true,"href":"https:\/\/shop.visasconcept.com\/index.php\/wp-json\/wp\/v2\/media\/629"}],"wp:attachment":[{"href":"https:\/\/shop.visasconcept.com\/index.php\/wp-json\/wp\/v2\/media?parent=890"}],"wp:term":[{"taxonomy":"product_cat","embeddable":true,"href":"https:\/\/shop.visasconcept.com\/index.php\/wp-json\/wp\/v2\/product_cat?post=890"},{"taxonomy":"product_tag","embeddable":true,"href":"https:\/\/shop.visasconcept.com\/index.php\/wp-json\/wp\/v2\/product_tag?post=890"}],"curies":[{"name":"wp","href":"https:\/\/api.w.org\/{rel}","templated":true}]}}