{"id":892,"date":"2023-09-09T20:48:11","date_gmt":"2023-09-09T17:48:11","guid":{"rendered":"https:\/\/shop.visasconcept.com\/?post_type=product&#038;p=892"},"modified":"2023-09-09T20:50:59","modified_gmt":"2023-09-09T17:50:59","slug":"tolga-nurdag-ozel-uretim","status":"publish","type":"product","link":"https:\/\/shop.visasconcept.com\/index.php\/urun\/tolga-nurdag-ozel-uretim\/","title":{"rendered":"Tolga Nurda\u011f \u00d6zel \u00dcretim"},"content":{"rendered":"<p><img loading=\"lazy\" decoding=\"async\" class=\"alignnone size-medium wp-image-8782\" src=\"https:\/\/visasconcept.com\/wp-content\/uploads\/2023\/08\/553AB3CB-FB63-4F08-9FD1-7F5D2A91DDFD-300x244.jpeg\" alt=\"\" width=\"300\" height=\"244\" \/><\/p>\n","protected":false},"excerpt":{"rendered":"<p>\u00d6ZELL\u0130KLER\u0130<\/p>\n<p>AYCAN MUTFAK \u00d6ZELL\u0130KLER\u0130NDE<\/p>\n<p>ALT KAPAKLAR ANTRAS\u0130T HG<\/p>\n<p>\u00dcST KAPAKLAR BEYAZ HG<\/p>\n<p>\u00e7ekmece mod\u00fcl\u00fc 2 \u00c7ekmeceli<\/p>\n<p>60&#8217;L\u0131k Boy Dolab\u0131 \u0130lave kiler<\/p>\n<p>280 Cm Siyah Tezgah \u0130lave<\/p>\n","protected":false},"featured_media":0,"comment_status":"closed","ping_status":"closed","template":"","meta":[],"product_cat":[40],"product_tag":[],"class_list":["post-892","product","type-product","status-publish","hentry","product_cat-mutfak"],"_links":{"self":[{"href":"https:\/\/shop.visasconcept.com\/index.php\/wp-json\/wp\/v2\/product\/892","targetHints":{"allow":["GET"]}}],"collection":[{"href":"https:\/\/shop.visasconcept.com\/index.php\/wp-json\/wp\/v2\/product"}],"about":[{"href":"https:\/\/shop.visasconcept.com\/index.php\/wp-json\/wp\/v2\/types\/product"}],"replies":[{"embeddable":true,"href":"https:\/\/shop.visasconcept.com\/index.php\/wp-json\/wp\/v2\/comments?post=892"}],"wp:attachment":[{"href":"https:\/\/shop.visasconcept.com\/index.php\/wp-json\/wp\/v2\/media?parent=892"}],"wp:term":[{"taxonomy":"product_cat","embeddable":true,"href":"https:\/\/shop.visasconcept.com\/index.php\/wp-json\/wp\/v2\/product_cat?post=892"},{"taxonomy":"product_tag","embeddable":true,"href":"https:\/\/shop.visasconcept.com\/index.php\/wp-json\/wp\/v2\/product_tag?post=892"}],"curies":[{"name":"wp","href":"https:\/\/api.w.org\/{rel}","templated":true}]}}